{"id":4213,"date":"2019-10-21T08:48:03","date_gmt":"2019-10-21T08:48:03","guid":{"rendered":"https:\/\/modland.uniri.hr\/?page_id=4213"},"modified":"2021-04-12T16:55:15","modified_gmt":"2021-04-12T16:55:15","slug":"dissemination","status":"publish","type":"page","link":"https:\/\/modland.uniri.hr\/?page_id=4213&lang=en","title":{"rendered":"Dissemination"},"content":{"rendered":"\t\t<div data-elementor-type=\"wp-page\" data-elementor-id=\"4213\" class=\"elementor elementor-4213\">\n\t\t\t\t\t\t\t\t\t<section class=\"elementor-section elementor-top-section elementor-element elementor-element-860363b elementor-section-boxed elementor-section-height-default elementor-section-height-default\" data-id=\"860363b\" data-element_type=\"section\">\n\t\t\t\t\t\t<div class=\"elementor-container elementor-column-gap-default\">\n\t\t\t\t\t<div class=\"elementor-column elementor-col-100 elementor-top-column elementor-element elementor-element-2407c552\" data-id=\"2407c552\" data-element_type=\"column\">\n\t\t\t<div class=\"elementor-widget-wrap elementor-element-populated\">\n\t\t\t\t\t\t\t\t<div class=\"elementor-element elementor-element-4d24121d elementor-widget elementor-widget-text-editor\" data-id=\"4d24121d\" data-element_type=\"widget\" data-widget_type=\"text-editor.default\">\n\t\t\t\t<div class=\"elementor-widget-container\">\n\t\t\t\t\t\t\t<h2><a href=\"https:\/\/www.researchgate.net\/project\/Physical-modelling-of-landslide-remediation-constructions-behaviour-under-static-and-seismic-actions-ModLandRemSS\">Researchgate<\/a><\/h2><h4><a class=\"nova-e-link nova-e-link--color-inherit nova-e-link--theme-bare\" href=\"https:\/\/www.researchgate.net\/profile\/project\/Physical-modelling-of-landslide-remediation-constructions-behaviour-under-static-and-seismic-actions-ModLandRemSS?_sg=f5UxC3kaeo0wT3T58-2oxCAQUb1_KhK4aa2TsGvfSHmmuPBRAqfSAtE3W49lZYfR_nSYCwKaw5OWKpu_aYvOnm-ZYqF_buPXD_Xc\">Physical modelling of landslide remediation constructions behaviour under static and seismic actions (ModLandRemSS)<\/a><\/h4><p><!-- \/wp:buttons --><\/p>\t\t\t\t\t\t<\/div>\n\t\t\t\t<\/div>\n\t\t\t\t\t<\/div>\n\t\t<\/div>\n\t\t\t\t\t\t\t<\/div>\n\t\t<\/section>\n\t\t\t\t<section class=\"elementor-section elementor-top-section elementor-element elementor-element-4cf46b7 elementor-section-boxed elementor-section-height-default elementor-section-height-default\" data-id=\"4cf46b7\" data-element_type=\"section\">\n\t\t\t\t\t\t<div class=\"elementor-container elementor-column-gap-default\">\n\t\t\t\t\t<div class=\"elementor-column elementor-col-100 elementor-top-column elementor-element elementor-element-a05f0e5\" data-id=\"a05f0e5\" data-element_type=\"column\">\n\t\t\t<div class=\"elementor-widget-wrap elementor-element-populated\">\n\t\t\t\t\t\t\t\t<div class=\"elementor-element elementor-element-93d9fe2 elementor-widget-divider--view-line elementor-widget elementor-widget-divider\" data-id=\"93d9fe2\" data-element_type=\"widget\" data-widget_type=\"divider.default\">\n\t\t\t\t<div class=\"elementor-widget-container\">\n\t\t\t\t\t<div class=\"elementor-divider\">\n\t\t\t<span class=\"elementor-divider-separator\">\n\t\t\t\t\t\t<\/span>\n\t\t<\/div>\n\t\t\t\t<\/div>\n\t\t\t\t<\/div>\n\t\t\t\t\t<\/div>\n\t\t<\/div>\n\t\t\t\t\t\t\t<\/div>\n\t\t<\/section>\n\t\t\t\t<section class=\"elementor-section elementor-top-section elementor-element elementor-element-b6241ea elementor-section-boxed elementor-section-height-default elementor-section-height-default\" data-id=\"b6241ea\" data-element_type=\"section\">\n\t\t\t\t\t\t<div class=\"elementor-container elementor-column-gap-default\">\n\t\t\t\t\t<div class=\"elementor-column elementor-col-100 elementor-top-column elementor-element elementor-element-0ad73f2\" data-id=\"0ad73f2\" data-element_type=\"column\">\n\t\t\t<div class=\"elementor-widget-wrap elementor-element-populated\">\n\t\t\t\t\t\t\t\t<div class=\"elementor-element elementor-element-769bf6c elementor-widget elementor-widget-text-editor\" data-id=\"769bf6c\" data-element_type=\"widget\" data-widget_type=\"text-editor.default\">\n\t\t\t\t<div class=\"elementor-widget-container\">\n\t\t\t\t\t\t\t<h3>Conference presentations<\/h3>\t\t\t\t\t\t<\/div>\n\t\t\t\t<\/div>\n\t\t\t\t\t<\/div>\n\t\t<\/div>\n\t\t\t\t\t\t\t<\/div>\n\t\t<\/section>\n\t\t\t\t<section class=\"elementor-section elementor-top-section elementor-element elementor-element-e1637f8 elementor-section-boxed elementor-section-height-default elementor-section-height-default\" data-id=\"e1637f8\" data-element_type=\"section\">\n\t\t\t\t\t\t<div class=\"elementor-container elementor-column-gap-default\">\n\t\t\t\t\t<div class=\"elementor-column elementor-col-100 elementor-top-column elementor-element elementor-element-18dd5ce\" data-id=\"18dd5ce\" data-element_type=\"column\">\n\t\t\t<div class=\"elementor-widget-wrap elementor-element-populated\">\n\t\t\t\t\t\t\t\t<div class=\"elementor-element elementor-element-f8a8c38 elementor-widget elementor-widget-text-editor\" data-id=\"f8a8c38\" data-element_type=\"widget\" data-widget_type=\"text-editor.default\">\n\t\t\t\t<div class=\"elementor-widget-container\">\n\t\t\t\t\t\t\t<h4>2019<\/h4>\t\t\t\t\t\t<\/div>\n\t\t\t\t<\/div>\n\t\t\t\t\t<\/div>\n\t\t<\/div>\n\t\t\t\t\t\t\t<\/div>\n\t\t<\/section>\n\t\t\t\t<section class=\"elementor-section elementor-top-section elementor-element elementor-element-0666c3b elementor-section-boxed elementor-section-height-default elementor-section-height-default\" data-id=\"0666c3b\" data-element_type=\"section\">\n\t\t\t\t\t\t<div class=\"elementor-container elementor-column-gap-default\">\n\t\t\t\t\t<div class=\"elementor-column elementor-col-100 elementor-top-column elementor-element elementor-element-b6f418e\" data-id=\"b6f418e\" data-element_type=\"column\">\n\t\t\t<div class=\"elementor-widget-wrap elementor-element-populated\">\n\t\t\t\t\t\t\t\t<div class=\"elementor-element elementor-element-6d1b486 elementor-widget elementor-widget-text-editor\" data-id=\"6d1b486\" data-element_type=\"widget\" data-widget_type=\"text-editor.default\">\n\t\t\t\t<div class=\"elementor-widget-container\">\n\t\t\t\t\t\t\t<p><strong>Jagodnik, V.<\/strong>, \u0110omlija, P., Vori\u0107, L. and Arbanas, \u017d., Cyclic stress ratio of landslide deposits in Vinodol Valley, Croatia. In <i>Proceedings of the 4th Regional Symposium on Landslides in the Adriatic-Balkan Region<\/i>\u00a0(RESYLAB 2019)<\/p>\t\t\t\t\t\t<\/div>\n\t\t\t\t<\/div>\n\t\t\t\t\t<\/div>\n\t\t<\/div>\n\t\t\t\t\t\t\t<\/div>\n\t\t<\/section>\n\t\t\t\t<section class=\"elementor-section elementor-top-section elementor-element elementor-element-75e80b7 elementor-section-boxed elementor-section-height-default elementor-section-height-default\" data-id=\"75e80b7\" data-element_type=\"section\">\n\t\t\t\t\t\t<div class=\"elementor-container elementor-column-gap-default\">\n\t\t\t\t\t<div class=\"elementor-column elementor-col-100 elementor-top-column elementor-element elementor-element-e9e66ba\" data-id=\"e9e66ba\" data-element_type=\"column\">\n\t\t\t<div class=\"elementor-widget-wrap elementor-element-populated\">\n\t\t\t\t\t\t\t\t<div class=\"elementor-element elementor-element-3cba8ac elementor-widget elementor-widget-text-editor\" data-id=\"3cba8ac\" data-element_type=\"widget\" data-widget_type=\"text-editor.default\">\n\t\t\t\t<div class=\"elementor-widget-container\">\n\t\t\t\t\t\t\t<h4>2020<\/h4>\t\t\t\t\t\t<\/div>\n\t\t\t\t<\/div>\n\t\t\t\t\t<\/div>\n\t\t<\/div>\n\t\t\t\t\t\t\t<\/div>\n\t\t<\/section>\n\t\t\t\t<section class=\"elementor-section elementor-top-section elementor-element elementor-element-05ed8f5 elementor-section-boxed elementor-section-height-default elementor-section-height-default\" data-id=\"05ed8f5\" data-element_type=\"section\">\n\t\t\t\t\t\t<div class=\"elementor-container elementor-column-gap-default\">\n\t\t\t\t\t<div class=\"elementor-column elementor-col-100 elementor-top-column elementor-element elementor-element-29c01eb\" data-id=\"29c01eb\" data-element_type=\"column\">\n\t\t\t<div class=\"elementor-widget-wrap elementor-element-populated\">\n\t\t\t\t\t\t\t\t<div class=\"elementor-element elementor-element-543b9cb elementor-widget elementor-widget-text-editor\" data-id=\"543b9cb\" data-element_type=\"widget\" data-widget_type=\"text-editor.default\">\n\t\t\t\t<div class=\"elementor-widget-container\">\n\t\t\t\t\t\t\t<div id=\"article\">\n<div id=\"contenu-min\">\n<div id=\"head\">\n<p><strong><span id=\"e3sconf_e-unsat2020_03022-author-1\" class=\"author\" data-url=\"\/component\/author\/?dkey=10.1051\/e3sconf\/202019503022&amp;n=1\">Perani\u0107, J.<\/span><\/strong>,<span id=\"e3sconf_e-unsat2020_03022-author-2\" class=\"author\" data-url=\"\/component\/author\/?dkey=10.1051\/e3sconf\/202019503022&amp;n=2\">\u00a0Moscariello, M.<\/span>,<span id=\"e3sconf_e-unsat2020_03022-author-3\" class=\"author\" data-url=\"\/component\/author\/?dkey=10.1051\/e3sconf\/202019503022&amp;n=3\">\u00a0Cuomo, S.<\/span>\u00a0and\u00a0<span id=\"e3sconf_e-unsat2020_03022-author-4\" class=\"author\" data-url=\"\/component\/author\/?dkey=10.1051\/e3sconf\/202019503022&amp;n=4\" data-hasqtip=\"0\" aria-describedby=\"qtip-0\">Arbanas, \u017d. &#8211;\u00a0<\/span>Determination of hydraulic conductivity and shear strength properties of unsaturated residual soil from flysch rock mass. 4<sup>th<\/sup> European Conference on Unsaturated Soils (E-UNSAT 2020)<\/p>\n<\/div>\n<p>Arbanas, \u017d., <strong>Jagodnik, V.<\/strong>, Perani\u0107, J., Pajali\u0107, S., Vivoda Prodan, M. and \u010ceh, N., Physical Model of Rainfall Induced Landslide in Flume Test: Preliminary Results. 4<sup>th<\/sup> European Conference on\u00a0Physical Modelling in Geotechnics (ECPMG 2020).<\/p>\n<\/div>\n<\/div>\t\t\t\t\t\t<\/div>\n\t\t\t\t<\/div>\n\t\t\t\t\t<\/div>\n\t\t<\/div>\n\t\t\t\t\t\t\t<\/div>\n\t\t<\/section>\n\t\t\t\t<section class=\"elementor-section elementor-top-section elementor-element elementor-element-7c6d0ac elementor-section-boxed elementor-section-height-default elementor-section-height-default\" data-id=\"7c6d0ac\" data-element_type=\"section\">\n\t\t\t\t\t\t<div class=\"elementor-container elementor-column-gap-default\">\n\t\t\t\t\t<div class=\"elementor-column elementor-col-100 elementor-top-column elementor-element elementor-element-a32eecc\" data-id=\"a32eecc\" data-element_type=\"column\">\n\t\t\t<div class=\"elementor-widget-wrap elementor-element-populated\">\n\t\t\t\t\t\t\t\t<div class=\"elementor-element elementor-element-f080fa2 elementor-widget-divider--view-line elementor-widget elementor-widget-divider\" data-id=\"f080fa2\" data-element_type=\"widget\" data-widget_type=\"divider.default\">\n\t\t\t\t<div class=\"elementor-widget-container\">\n\t\t\t\t\t<div class=\"elementor-divider\">\n\t\t\t<span class=\"elementor-divider-separator\">\n\t\t\t\t\t\t<\/span>\n\t\t<\/div>\n\t\t\t\t<\/div>\n\t\t\t\t<\/div>\n\t\t\t\t\t<\/div>\n\t\t<\/div>\n\t\t\t\t\t\t\t<\/div>\n\t\t<\/section>\n\t\t\t\t\t\t\t<\/div>\n\t\t","protected":false},"excerpt":{"rendered":"<p>Researchgate Physical modelling of landslide remediation constructions behaviour under static and seismic actions (ModLandRemSS) Conference presentations 2019 Jagodnik, V., \u0110omlija, P., Vori\u0107, L. and Arbanas, \u017d., Cyclic stress ratio of landslide deposits in Vinodol Valley, Croatia. In Proceedings of the 4th Regional Symposium on Landslides in the Adriatic-Balkan Region\u00a0(RESYLAB 2019) 2020 Perani\u0107, J.,\u00a0Moscariello, M.,\u00a0Cuomo, S.\u00a0and\u00a0Arbanas,Continue reading &rarr;<\/p>\n","protected":false},"author":2,"featured_media":0,"parent":0,"menu_order":0,"comment_status":"closed","ping_status":"closed","template":"","meta":{"footnotes":""},"_links":{"self":[{"href":"https:\/\/modland.uniri.hr\/index.php?rest_route=\/wp\/v2\/pages\/4213"}],"collection":[{"href":"https:\/\/modland.uniri.hr\/index.php?rest_route=\/wp\/v2\/pages"}],"about":[{"href":"https:\/\/modland.uniri.hr\/index.php?rest_route=\/wp\/v2\/types\/page"}],"author":[{"embeddable":true,"href":"https:\/\/modland.uniri.hr\/index.php?rest_route=\/wp\/v2\/users\/2"}],"replies":[{"embeddable":true,"href":"https:\/\/modland.uniri.hr\/index.php?rest_route=%2Fwp%2Fv2%2Fcomments&post=4213"}],"version-history":[{"count":13,"href":"https:\/\/modland.uniri.hr\/index.php?rest_route=\/wp\/v2\/pages\/4213\/revisions"}],"predecessor-version":[{"id":4545,"href":"https:\/\/modland.uniri.hr\/index.php?rest_route=\/wp\/v2\/pages\/4213\/revisions\/4545"}],"wp:attachment":[{"href":"https:\/\/modland.uniri.hr\/index.php?rest_route=%2Fwp%2Fv2%2Fmedia&parent=4213"}],"curies":[{"name":"wp","href":"https:\/\/api.w.org\/{rel}","templated":true}]}}