{"id":4208,"date":"2019-10-21T08:43:23","date_gmt":"2019-10-21T08:43:23","guid":{"rendered":"https:\/\/modland.uniri.hr\/?page_id=4208"},"modified":"2021-04-12T16:55:17","modified_gmt":"2021-04-12T16:55:17","slug":"diseminacija","status":"publish","type":"page","link":"https:\/\/modland.uniri.hr\/?page_id=4208&lang=hr","title":{"rendered":"Diseminacija"},"content":{"rendered":"\t\t<div data-elementor-type=\"wp-page\" data-elementor-id=\"4208\" class=\"elementor elementor-4208\">\n\t\t\t\t\t\t\t\t\t<section class=\"elementor-section elementor-top-section elementor-element elementor-element-137f27a1 elementor-section-boxed elementor-section-height-default elementor-section-height-default\" data-id=\"137f27a1\" data-element_type=\"section\">\n\t\t\t\t\t\t<div class=\"elementor-container elementor-column-gap-default\">\n\t\t\t\t\t<div class=\"elementor-column elementor-col-100 elementor-top-column elementor-element elementor-element-116a635a\" data-id=\"116a635a\" data-element_type=\"column\">\n\t\t\t<div class=\"elementor-widget-wrap elementor-element-populated\">\n\t\t\t\t\t\t\t\t<div class=\"elementor-element elementor-element-3cbc6661 elementor-widget elementor-widget-text-editor\" data-id=\"3cbc6661\" data-element_type=\"widget\" data-widget_type=\"text-editor.default\">\n\t\t\t\t<div class=\"elementor-widget-container\">\n\t\t\t\t\t\t\t<h2><a href=\"https:\/\/www.researchgate.net\/project\/Physical-modelling-of-landslide-remediation-constructions-behaviour-under-static-and-seismic-actions-ModLandRemSS\">Researchgate<\/a><\/h2>\n<h4 style=\"text-align: left;\"><a href=\"https:\/\/www.researchgate.net\/project\/Physical-modelling-of-landslide-remediation-constructions-behaviour-under-static-and-seismic-actions-ModLandRemSS\">Fizi\u010dko modeliranje pona\u0161anja konstrukcija za sanaciju klizi\u0161ta u uvjetima stati\u010dkih i seizmi\u010dkih djelovanja (ModLandRemSS)<\/a><\/h4>\n<p><!-- \/wp:buttons --><!-- wp:paragraph --><\/p>\n<p><!-- \/wp:paragraph --><\/p>\t\t\t\t\t\t<\/div>\n\t\t\t\t<\/div>\n\t\t\t\t\t<\/div>\n\t\t<\/div>\n\t\t\t\t\t\t\t<\/div>\n\t\t<\/section>\n\t\t\t\t<section class=\"elementor-section elementor-top-section elementor-element elementor-element-e28efba elementor-section-boxed elementor-section-height-default elementor-section-height-default\" data-id=\"e28efba\" data-element_type=\"section\">\n\t\t\t\t\t\t<div class=\"elementor-container elementor-column-gap-default\">\n\t\t\t\t\t<div class=\"elementor-column elementor-col-100 elementor-top-column elementor-element elementor-element-5b87e1b\" data-id=\"5b87e1b\" data-element_type=\"column\">\n\t\t\t<div class=\"elementor-widget-wrap elementor-element-populated\">\n\t\t\t\t\t\t\t\t<div class=\"elementor-element elementor-element-e37bc61 elementor-widget-divider--view-line elementor-widget elementor-widget-divider\" data-id=\"e37bc61\" data-element_type=\"widget\" data-widget_type=\"divider.default\">\n\t\t\t\t<div class=\"elementor-widget-container\">\n\t\t\t\t\t<div class=\"elementor-divider\">\n\t\t\t<span class=\"elementor-divider-separator\">\n\t\t\t\t\t\t<\/span>\n\t\t<\/div>\n\t\t\t\t<\/div>\n\t\t\t\t<\/div>\n\t\t\t\t\t<\/div>\n\t\t<\/div>\n\t\t\t\t\t\t\t<\/div>\n\t\t<\/section>\n\t\t\t\t<section class=\"elementor-section elementor-top-section elementor-element elementor-element-7168ad7 elementor-section-boxed elementor-section-height-default elementor-section-height-default\" data-id=\"7168ad7\" data-element_type=\"section\">\n\t\t\t\t\t\t<div class=\"elementor-container elementor-column-gap-default\">\n\t\t\t\t\t<div class=\"elementor-column elementor-col-100 elementor-top-column elementor-element elementor-element-3e25086\" data-id=\"3e25086\" data-element_type=\"column\">\n\t\t\t<div class=\"elementor-widget-wrap elementor-element-populated\">\n\t\t\t\t\t\t\t\t<div class=\"elementor-element elementor-element-efe7237 elementor-widget elementor-widget-text-editor\" data-id=\"efe7237\" data-element_type=\"widget\" data-widget_type=\"text-editor.default\">\n\t\t\t\t<div class=\"elementor-widget-container\">\n\t\t\t\t\t\t\t<h3>Kongresna priop\u0107enja<\/h3>\n<p><!-- \/wp:buttons --><!-- wp:paragraph --><\/p>\n<p><!-- \/wp:paragraph --><\/p>\t\t\t\t\t\t<\/div>\n\t\t\t\t<\/div>\n\t\t\t\t\t<\/div>\n\t\t<\/div>\n\t\t\t\t\t\t\t<\/div>\n\t\t<\/section>\n\t\t\t\t<section class=\"elementor-section elementor-top-section elementor-element elementor-element-1cdc79e elementor-section-boxed elementor-section-height-default elementor-section-height-default\" data-id=\"1cdc79e\" data-element_type=\"section\">\n\t\t\t\t\t\t<div class=\"elementor-container elementor-column-gap-default\">\n\t\t\t\t\t<div class=\"elementor-column elementor-col-100 elementor-top-column elementor-element elementor-element-ef6c35e\" data-id=\"ef6c35e\" data-element_type=\"column\">\n\t\t\t<div class=\"elementor-widget-wrap elementor-element-populated\">\n\t\t\t\t\t\t\t\t<div class=\"elementor-element elementor-element-5790a14 elementor-widget elementor-widget-text-editor\" data-id=\"5790a14\" data-element_type=\"widget\" data-widget_type=\"text-editor.default\">\n\t\t\t\t<div class=\"elementor-widget-container\">\n\t\t\t\t\t\t\t<h4>2019<\/h4>\t\t\t\t\t\t<\/div>\n\t\t\t\t<\/div>\n\t\t\t\t\t<\/div>\n\t\t<\/div>\n\t\t\t\t\t\t\t<\/div>\n\t\t<\/section>\n\t\t\t\t<section class=\"elementor-section elementor-top-section elementor-element elementor-element-eb48ecb elementor-section-boxed elementor-section-height-default elementor-section-height-default\" data-id=\"eb48ecb\" data-element_type=\"section\">\n\t\t\t\t\t\t<div class=\"elementor-container elementor-column-gap-default\">\n\t\t\t\t\t<div class=\"elementor-column elementor-col-100 elementor-top-column elementor-element elementor-element-e5e6bc8\" data-id=\"e5e6bc8\" data-element_type=\"column\">\n\t\t\t<div class=\"elementor-widget-wrap elementor-element-populated\">\n\t\t\t\t\t\t\t\t<div class=\"elementor-element elementor-element-1fb0aa2 elementor-widget elementor-widget-text-editor\" data-id=\"1fb0aa2\" data-element_type=\"widget\" data-widget_type=\"text-editor.default\">\n\t\t\t\t<div class=\"elementor-widget-container\">\n\t\t\t\t\t\t\t<p><strong>Jagodnik, V.<\/strong>, \u0110omlija, P., Vori\u0107, L. and Arbanas, \u017d., Cyclic stress ratio of landslide deposits in Vinodol Valley, Croatia. In <i>Proceedings of the 4th Regional Symposium on Landslides in the Adriatic-Balkan Region<\/i>\u00a0(RESYLAB 2019)<\/p>\t\t\t\t\t\t<\/div>\n\t\t\t\t<\/div>\n\t\t\t\t\t<\/div>\n\t\t<\/div>\n\t\t\t\t\t\t\t<\/div>\n\t\t<\/section>\n\t\t\t\t<section class=\"elementor-section elementor-top-section elementor-element elementor-element-4d23c75 elementor-section-boxed elementor-section-height-default elementor-section-height-default\" data-id=\"4d23c75\" data-element_type=\"section\">\n\t\t\t\t\t\t<div class=\"elementor-container elementor-column-gap-default\">\n\t\t\t\t\t<div class=\"elementor-column elementor-col-100 elementor-top-column elementor-element elementor-element-f0c2c65\" data-id=\"f0c2c65\" data-element_type=\"column\">\n\t\t\t<div class=\"elementor-widget-wrap elementor-element-populated\">\n\t\t\t\t\t\t\t\t<div class=\"elementor-element elementor-element-6c02515 elementor-widget elementor-widget-text-editor\" data-id=\"6c02515\" data-element_type=\"widget\" data-widget_type=\"text-editor.default\">\n\t\t\t\t<div class=\"elementor-widget-container\">\n\t\t\t\t\t\t\t<h4>2020<\/h4>\t\t\t\t\t\t<\/div>\n\t\t\t\t<\/div>\n\t\t\t\t\t<\/div>\n\t\t<\/div>\n\t\t\t\t\t\t\t<\/div>\n\t\t<\/section>\n\t\t\t\t<section class=\"elementor-section elementor-top-section elementor-element elementor-element-e6d827b elementor-section-boxed elementor-section-height-default elementor-section-height-default\" data-id=\"e6d827b\" data-element_type=\"section\">\n\t\t\t\t\t\t<div class=\"elementor-container elementor-column-gap-default\">\n\t\t\t\t\t<div class=\"elementor-column elementor-col-100 elementor-top-column elementor-element elementor-element-b23ba14\" data-id=\"b23ba14\" data-element_type=\"column\">\n\t\t\t<div class=\"elementor-widget-wrap elementor-element-populated\">\n\t\t\t\t\t\t\t\t<div class=\"elementor-element elementor-element-1a6a89f elementor-widget elementor-widget-text-editor\" data-id=\"1a6a89f\" data-element_type=\"widget\" data-widget_type=\"text-editor.default\">\n\t\t\t\t<div class=\"elementor-widget-container\">\n\t\t\t\t\t\t\t<div id=\"article\">\n<div id=\"contenu-min\">\n<div id=\"head\">\n<p><strong><span id=\"e3sconf_e-unsat2020_03022-author-1\" class=\"author\" data-url=\"\/component\/author\/?dkey=10.1051\/e3sconf\/202019503022&amp;n=1\">Perani\u0107, J.<\/span><\/strong>,<span id=\"e3sconf_e-unsat2020_03022-author-2\" class=\"author\" data-url=\"\/component\/author\/?dkey=10.1051\/e3sconf\/202019503022&amp;n=2\">\u00a0Moscariello, M.<\/span>,<span id=\"e3sconf_e-unsat2020_03022-author-3\" class=\"author\" data-url=\"\/component\/author\/?dkey=10.1051\/e3sconf\/202019503022&amp;n=3\">\u00a0Cuomo, S.<\/span>\u00a0and\u00a0<span id=\"e3sconf_e-unsat2020_03022-author-4\" class=\"author\" data-url=\"\/component\/author\/?dkey=10.1051\/e3sconf\/202019503022&amp;n=4\" data-hasqtip=\"0\" aria-describedby=\"qtip-0\">Arbanas, \u017d. &#8211;\u00a0<\/span>Determination of hydraulic conductivity and shear strength properties of unsaturated residual soil from flysch rock mass. 4<sup>th<\/sup> European Conference on Unsaturated Soils (E-UNSAT 2020)<\/p>\n<\/div>\n<p>Arbanas, \u017d., <strong>Jagodnik, V.<\/strong>, Perani\u0107, J., Pajali\u0107, S., Vivoda Prodan, M. and \u010ceh, N., Physical Model of Rainfall Induced Landslide in Flume Test: Preliminary Results. 4<sup>th<\/sup> European Conference on\u00a0Physical Modelling in Geotechnics (ECPMG 2020).<\/p>\n<\/div>\n<\/div>\t\t\t\t\t\t<\/div>\n\t\t\t\t<\/div>\n\t\t\t\t\t<\/div>\n\t\t<\/div>\n\t\t\t\t\t\t\t<\/div>\n\t\t<\/section>\n\t\t\t\t<section class=\"elementor-section elementor-top-section elementor-element elementor-element-62c0740 elementor-section-boxed elementor-section-height-default elementor-section-height-default\" data-id=\"62c0740\" data-element_type=\"section\">\n\t\t\t\t\t\t<div class=\"elementor-container elementor-column-gap-default\">\n\t\t\t\t\t<div class=\"elementor-column elementor-col-100 elementor-top-column elementor-element elementor-element-e9a1669\" data-id=\"e9a1669\" data-element_type=\"column\">\n\t\t\t<div class=\"elementor-widget-wrap elementor-element-populated\">\n\t\t\t\t\t\t\t\t<div class=\"elementor-element elementor-element-f07900c elementor-widget elementor-widget-text-editor\" data-id=\"f07900c\" data-element_type=\"widget\" data-widget_type=\"text-editor.default\">\n\t\t\t\t<div class=\"elementor-widget-container\">\n\t\t\t\t\t\t\t\t\t\t\t\t\t<\/div>\n\t\t\t\t<\/div>\n\t\t\t\t\t<\/div>\n\t\t<\/div>\n\t\t\t\t\t\t\t<\/div>\n\t\t<\/section>\n\t\t\t\t<section class=\"elementor-section elementor-top-section elementor-element elementor-element-4e4fc7f elementor-section-boxed elementor-section-height-default elementor-section-height-default\" data-id=\"4e4fc7f\" data-element_type=\"section\">\n\t\t\t\t\t\t<div class=\"elementor-container elementor-column-gap-default\">\n\t\t\t\t\t<div class=\"elementor-column elementor-col-100 elementor-top-column elementor-element elementor-element-acd0ea8\" data-id=\"acd0ea8\" data-element_type=\"column\">\n\t\t\t<div class=\"elementor-widget-wrap elementor-element-populated\">\n\t\t\t\t\t\t\t\t<div class=\"elementor-element elementor-element-d00263a elementor-widget-divider--view-line elementor-widget elementor-widget-divider\" data-id=\"d00263a\" data-element_type=\"widget\" data-widget_type=\"divider.default\">\n\t\t\t\t<div class=\"elementor-widget-container\">\n\t\t\t\t\t<div class=\"elementor-divider\">\n\t\t\t<span class=\"elementor-divider-separator\">\n\t\t\t\t\t\t<\/span>\n\t\t<\/div>\n\t\t\t\t<\/div>\n\t\t\t\t<\/div>\n\t\t\t\t\t<\/div>\n\t\t<\/div>\n\t\t\t\t\t\t\t<\/div>\n\t\t<\/section>\n\t\t\t\t\t\t\t<\/div>\n\t\t","protected":false},"excerpt":{"rendered":"<p>Researchgate Fizi\u010dko modeliranje pona\u0161anja konstrukcija za sanaciju klizi\u0161ta u uvjetima stati\u010dkih i seizmi\u010dkih djelovanja (ModLandRemSS) Kongresna priop\u0107enja 2019Jagodnik, V., \u0110omlija, P., Vori\u0107, L. and Arbanas, \u017d., Cyclic stress ratio of landslide deposits in Vinodol Valley, Croatia. In Proceedings of the 4th Regional Symposium on Landslides in the Adriatic-Balkan Region\u00a0(RESYLAB 2019)2020 Perani\u0107, J.,\u00a0Moscariello, M.,\u00a0Cuomo, S.\u00a0and\u00a0Arbanas, \u017d.Continue reading &rarr;<\/p>\n","protected":false},"author":2,"featured_media":0,"parent":0,"menu_order":0,"comment_status":"closed","ping_status":"closed","template":"","meta":{"footnotes":""},"_links":{"self":[{"href":"https:\/\/modland.uniri.hr\/index.php?rest_route=\/wp\/v2\/pages\/4208"}],"collection":[{"href":"https:\/\/modland.uniri.hr\/index.php?rest_route=\/wp\/v2\/pages"}],"about":[{"href":"https:\/\/modland.uniri.hr\/index.php?rest_route=\/wp\/v2\/types\/page"}],"author":[{"embeddable":true,"href":"https:\/\/modland.uniri.hr\/index.php?rest_route=\/wp\/v2\/users\/2"}],"replies":[{"embeddable":true,"href":"https:\/\/modland.uniri.hr\/index.php?rest_route=%2Fwp%2Fv2%2Fcomments&post=4208"}],"version-history":[{"count":15,"href":"https:\/\/modland.uniri.hr\/index.php?rest_route=\/wp\/v2\/pages\/4208\/revisions"}],"predecessor-version":[{"id":4548,"href":"https:\/\/modland.uniri.hr\/index.php?rest_route=\/wp\/v2\/pages\/4208\/revisions\/4548"}],"wp:attachment":[{"href":"https:\/\/modland.uniri.hr\/index.php?rest_route=%2Fwp%2Fv2%2Fmedia&parent=4208"}],"curies":[{"name":"wp","href":"https:\/\/api.w.org\/{rel}","templated":true}]}}