{"id":3997,"date":"2019-04-23T14:38:09","date_gmt":"2019-04-23T14:38:09","guid":{"rendered":"https:\/\/modland.uniri.hr\/?page_id=3997"},"modified":"2019-09-23T18:48:38","modified_gmt":"2019-09-23T18:48:38","slug":"research-group","status":"publish","type":"page","link":"https:\/\/modland.uniri.hr\/?page_id=3997&lang=en","title":{"rendered":"Research group"},"content":{"rendered":"<h2>Project leader:<\/h2>\n<h3><a href=\"https:\/\/portal.uniri.hr\/Portfelj\/1373\">\u017deljko Arbanas<\/a><\/h3>\n<h2>Project collaborators<\/h2>\n<h3><a href=\"https:\/\/www.google.com\/url?sa=t&amp;rct=j&amp;q=&amp;esrc=s&amp;source=web&amp;cd=1&amp;cad=rja&amp;uact=8&amp;ved=2ahUKEwi42p-3zefkAhUCkMMKHfmvAYYQFjAAegQIARAB&amp;url=https%3A%2F%2Fportal.uniri.hr%2Fportfelj%2F947&amp;usg=AOvVaw32PE2tf3nPhAbjgl8ze9CG\">Vedran Jagodnik<\/a>, <a href=\"https:\/\/portal.uniri.hr\/Portfelj\/1391\">Sanja Dugonji\u0107 Jovan\u010devi\u0107<\/a>, <a href=\"https:\/\/portal.uniri.hr\/Portfelj\/1769\">Martina Vivoda Prodan<\/a>, <a href=\"https:\/\/portal.uniri.hr\/Portfelj\/2060\">Petra \u0110omlija<\/a>, <a href=\"https:\/\/portal.uniri.hr\/Portfelj\/2077\">Josip Perani\u0107<\/a>, <a href=\"https:\/\/portal.uniri.hr\/Portfelj\/2204\">Nina \u010ceh<\/a>, <a href=\"https:\/\/www.google.com\/url?sa=t&amp;rct=j&amp;q=&amp;esrc=s&amp;source=web&amp;cd=1&amp;cad=rja&amp;uact=8&amp;ved=2ahUKEwiqwNC6zefkAhUulYsKHcUUBTIQFjAAegQIAhAB&amp;url=https%3A%2F%2Fportal.uniri.hr%2FPortfelj%2FIndex%2F2734&amp;usg=AOvVaw3l54azMTUJxeuQ8lPotT-s\">Sara Pajali\u0107<\/a><\/h3>\n","protected":false},"excerpt":{"rendered":"<p>Project leader: \u017deljko Arbanas Project collaborators Vedran Jagodnik, Sanja Dugonji\u0107 Jovan\u010devi\u0107, Martina Vivoda Prodan, Petra \u0110omlija, Josip Perani\u0107, Nina \u010ceh, Sara Pajali\u0107<\/p>\n","protected":false},"author":2,"featured_media":0,"parent":0,"menu_order":0,"comment_status":"closed","ping_status":"closed","template":"","meta":{"footnotes":""},"_links":{"self":[{"href":"https:\/\/modland.uniri.hr\/index.php?rest_route=\/wp\/v2\/pages\/3997"}],"collection":[{"href":"https:\/\/modland.uniri.hr\/index.php?rest_route=\/wp\/v2\/pages"}],"about":[{"href":"https:\/\/modland.uniri.hr\/index.php?rest_route=\/wp\/v2\/types\/page"}],"author":[{"embeddable":true,"href":"https:\/\/modland.uniri.hr\/index.php?rest_route=\/wp\/v2\/users\/2"}],"replies":[{"embeddable":true,"href":"https:\/\/modland.uniri.hr\/index.php?rest_route=%2Fwp%2Fv2%2Fcomments&post=3997"}],"version-history":[{"count":5,"href":"https:\/\/modland.uniri.hr\/index.php?rest_route=\/wp\/v2\/pages\/3997\/revisions"}],"predecessor-version":[{"id":4135,"href":"https:\/\/modland.uniri.hr\/index.php?rest_route=\/wp\/v2\/pages\/3997\/revisions\/4135"}],"wp:attachment":[{"href":"https:\/\/modland.uniri.hr\/index.php?rest_route=%2Fwp%2Fv2%2Fmedia&parent=3997"}],"curies":[{"name":"wp","href":"https:\/\/api.w.org\/{rel}","templated":true}]}}