{"id":3557,"date":"2018-11-25T18:05:16","date_gmt":"2018-11-25T17:05:16","guid":{"rendered":"http:\/\/localhost:8888\/mySite\/front-page\/"},"modified":"2021-04-07T18:38:29","modified_gmt":"2021-04-07T18:38:29","slug":"front-page","status":"publish","type":"page","link":"https:\/\/modland.uniri.hr\/?lang=hr","title":{"rendered":"Fizi\u010dko modeliranje pona\u0161anja konstrukcija za sanaciju klizi\u0161ta u uvjetima stati\u010dkih i seizmi\u010dkih djelovanja"},"content":{"rendered":"\t\t<div data-elementor-type=\"wp-post\" data-elementor-id=\"3557\" class=\"elementor elementor-3557\">\n\t\t\t\t\t\t\t\t\t<section class=\"elementor-section elementor-top-section elementor-element elementor-element-a2bd5c3 elementor-section-boxed elementor-section-height-default elementor-section-height-default\" data-id=\"a2bd5c3\" data-element_type=\"section\">\n\t\t\t\t\t\t<div class=\"elementor-container elementor-column-gap-default\">\n\t\t\t\t\t<div class=\"elementor-column elementor-col-100 elementor-top-column elementor-element elementor-element-d9a646e\" data-id=\"d9a646e\" data-element_type=\"column\">\n\t\t\t<div class=\"elementor-widget-wrap elementor-element-populated\">\n\t\t\t\t\t\t\t\t<div class=\"elementor-element elementor-element-a74cc45 elementor-widget-divider--view-line elementor-widget elementor-widget-divider\" data-id=\"a74cc45\" data-element_type=\"widget\" data-widget_type=\"divider.default\">\n\t\t\t\t<div class=\"elementor-widget-container\">\n\t\t\t\t\t<div class=\"elementor-divider\">\n\t\t\t<span class=\"elementor-divider-separator\">\n\t\t\t\t\t\t<\/span>\n\t\t<\/div>\n\t\t\t\t<\/div>\n\t\t\t\t<\/div>\n\t\t\t\t\t<\/div>\n\t\t<\/div>\n\t\t\t\t\t\t\t<\/div>\n\t\t<\/section>\n\t\t\t\t<section class=\"elementor-section elementor-top-section elementor-element elementor-element-8808850 elementor-section-boxed elementor-section-height-default elementor-section-height-default\" data-id=\"8808850\" data-element_type=\"section\">\n\t\t\t\t\t\t<div class=\"elementor-container elementor-column-gap-default\">\n\t\t\t\t\t<div class=\"elementor-column elementor-col-100 elementor-top-column elementor-element elementor-element-a0c0e22\" data-id=\"a0c0e22\" data-element_type=\"column\">\n\t\t\t<div class=\"elementor-widget-wrap elementor-element-populated\">\n\t\t\t\t\t\t\t\t<div class=\"elementor-element elementor-element-d4ada9c elementor-widget elementor-widget-text-editor\" data-id=\"d4ada9c\" data-element_type=\"widget\" data-widget_type=\"text-editor.default\">\n\t\t\t\t<div class=\"elementor-widget-container\">\n\t\t\t\t\t\t\t<h1 style=\"text-align: center;\"><strong>Fizi\u010dko modeliranje pona\u0161anja konstrukcija za sanaciju klizi\u0161ta u uvjetima stati\u010dkih i seizmi\u010dkih djelovanja<\/strong><\/h1>\t\t\t\t\t\t<\/div>\n\t\t\t\t<\/div>\n\t\t\t\t\t<\/div>\n\t\t<\/div>\n\t\t\t\t\t\t\t<\/div>\n\t\t<\/section>\n\t\t\t\t<section class=\"elementor-section elementor-top-section elementor-element elementor-element-6a66361 elementor-section-boxed elementor-section-height-default elementor-section-height-default\" data-id=\"6a66361\" data-element_type=\"section\">\n\t\t\t\t\t\t<div class=\"elementor-container elementor-column-gap-default\">\n\t\t\t\t\t<div class=\"elementor-column elementor-col-100 elementor-top-column elementor-element elementor-element-e30ecc9\" data-id=\"e30ecc9\" data-element_type=\"column\">\n\t\t\t<div class=\"elementor-widget-wrap elementor-element-populated\">\n\t\t\t\t\t\t\t\t<div class=\"elementor-element elementor-element-5051a64 elementor-widget-divider--view-line elementor-widget elementor-widget-divider\" data-id=\"5051a64\" data-element_type=\"widget\" data-widget_type=\"divider.default\">\n\t\t\t\t<div class=\"elementor-widget-container\">\n\t\t\t\t\t<div class=\"elementor-divider\">\n\t\t\t<span class=\"elementor-divider-separator\">\n\t\t\t\t\t\t<\/span>\n\t\t<\/div>\n\t\t\t\t<\/div>\n\t\t\t\t<\/div>\n\t\t\t\t\t<\/div>\n\t\t<\/div>\n\t\t\t\t\t\t\t<\/div>\n\t\t<\/section>\n\t\t\t\t<section class=\"elementor-section elementor-top-section elementor-element elementor-element-ad140ea elementor-section-boxed elementor-section-height-default elementor-section-height-default\" data-id=\"ad140ea\" data-element_type=\"section\">\n\t\t\t\t\t\t<div class=\"elementor-container elementor-column-gap-default\">\n\t\t\t\t\t<div class=\"elementor-column elementor-col-33 elementor-top-column elementor-element elementor-element-a6ff9f2\" data-id=\"a6ff9f2\" data-element_type=\"column\">\n\t\t\t<div class=\"elementor-widget-wrap elementor-element-populated\">\n\t\t\t\t\t\t\t\t<div class=\"elementor-element elementor-element-72fcc97 elementor-position-top elementor-widget elementor-widget-image-box\" data-id=\"72fcc97\" data-element_type=\"widget\" data-widget_type=\"image-box.default\">\n\t\t\t\t<div class=\"elementor-widget-container\">\n\t\t\t<div class=\"elementor-image-box-wrapper\"><figure class=\"elementor-image-box-img\"><img decoding=\"async\" src=\"https:\/\/modland.uniri.hr\/wp-content\/uploads\/elementor\/thumbs\/Landslide-model_HR-e1571304459946-ofchs4xumwdxdqd90n2h5d53hvkitfigbos05p9xq8.png\" title=\"Landslide model_HR_edit\" alt=\"Landslide model_HR_edit\" loading=\"lazy\" \/><\/figure><div class=\"elementor-image-box-content\"><h2 class=\"elementor-image-box-title\">TEMA<\/h2><p class=\"elementor-image-box-description\"><div style=\"text-align: justify\">Fizi\u010dko modeliranje klizi\u0161ta na temelju analiza pona\u0161anja umanjenih modela zapo\u010deto je krajem 1980-tih kad je istra\u017eivano pona\u0161anje tokova tla i fluidifikacije kliznog materijala u umanjenom fizi\u010dkom modelu (tako\u0111er poznatom pod nazivom flume ili flume test)<\/font>\n <\/div><\/p><\/div><\/div>\t\t<\/div>\n\t\t\t\t<\/div>\n\t\t\t\t\t<\/div>\n\t\t<\/div>\n\t\t\t\t<div class=\"elementor-column elementor-col-33 elementor-top-column elementor-element elementor-element-88b46c2\" data-id=\"88b46c2\" data-element_type=\"column\">\n\t\t\t<div class=\"elementor-widget-wrap elementor-element-populated\">\n\t\t\t\t\t\t\t\t<div class=\"elementor-element elementor-element-da6e951 elementor-position-top elementor-widget elementor-widget-image-box\" data-id=\"da6e951\" data-element_type=\"widget\" data-widget_type=\"image-box.default\">\n\t\t\t\t<div class=\"elementor-widget-container\">\n\t\t\t<div class=\"elementor-image-box-wrapper\"><figure class=\"elementor-image-box-img\"><img fetchpriority=\"high\" decoding=\"async\" width=\"300\" height=\"248\" src=\"https:\/\/modland.uniri.hr\/wp-content\/uploads\/2019\/04\/frame-izo_platform-300x248.png\" class=\"attachment-medium size-medium wp-image-3837\" alt=\"\" srcset=\"https:\/\/modland.uniri.hr\/wp-content\/uploads\/2019\/04\/frame-izo_platform-300x248.png 300w, https:\/\/modland.uniri.hr\/wp-content\/uploads\/2019\/04\/frame-izo_platform-768x635.png 768w, https:\/\/modland.uniri.hr\/wp-content\/uploads\/2019\/04\/frame-izo_platform-1024x847.png 1024w, https:\/\/modland.uniri.hr\/wp-content\/uploads\/2019\/04\/frame-izo_platform.png 1826w\" sizes=\"(max-width: 300px) 100vw, 300px\" \/><\/figure><div class=\"elementor-image-box-content\"><h2 class=\"elementor-image-box-title\">METODE<\/h2><p class=\"elementor-image-box-description\"><div style=\"text-align: justify\"> Metode analiza stabilnosti koje se koriste za projekte sanacije klizi\u0161ta u in\u017eenjerskoj praksi jo\u0161 uvijek su grube i rezultiraju odabirom konzervativnih sanacijskih konstrukcija. Zbog tog razloga, rezultati istra\u017eivanja mogli bi predstavljati osnovu za nove pristupe racionalnog projektiranja sanacijskih konstrukcija za klizi\u0161ta u in\u017eenjerskoj praksi.\n<\/div><\/p><\/div><\/div>\t\t<\/div>\n\t\t\t\t<\/div>\n\t\t\t\t\t<\/div>\n\t\t<\/div>\n\t\t\t\t<div class=\"elementor-column elementor-col-33 elementor-top-column elementor-element elementor-element-e4ca951\" data-id=\"e4ca951\" data-element_type=\"column\">\n\t\t\t<div class=\"elementor-widget-wrap elementor-element-populated\">\n\t\t\t\t\t\t\t\t<div class=\"elementor-element elementor-element-2548a30 elementor-position-top elementor-widget elementor-widget-image-box\" data-id=\"2548a30\" data-element_type=\"widget\" data-widget_type=\"image-box.default\">\n\t\t\t\t<div class=\"elementor-widget-container\">\n\t\t\t<div class=\"elementor-image-box-wrapper\"><figure class=\"elementor-image-box-img\"><img decoding=\"async\" width=\"300\" height=\"186\" src=\"https:\/\/modland.uniri.hr\/wp-content\/uploads\/2019\/03\/3dmodel-300x186.png\" class=\"attachment-medium size-medium wp-image-3831\" alt=\"\" srcset=\"https:\/\/modland.uniri.hr\/wp-content\/uploads\/2019\/03\/3dmodel-300x186.png 300w, https:\/\/modland.uniri.hr\/wp-content\/uploads\/2019\/03\/3dmodel-768x476.png 768w, https:\/\/modland.uniri.hr\/wp-content\/uploads\/2019\/03\/3dmodel.png 1010w\" sizes=\"(max-width: 300px) 100vw, 300px\" \/><\/figure><div class=\"elementor-image-box-content\"><h2 class=\"elementor-image-box-title\">CILJ<\/h2><p class=\"elementor-image-box-description\"><div style=\"text-align: justify\"> Predlo\u017eeni Projekt uklju\u010diti \u0107e istra\u017eivanja pona\u0161anja razli\u010ditih konstrukcije primijenjenih za sanacije klizi\u0161ta u fizi\u010dkim modelima umanjenih klizi\u0161ta u stati\u010dkim i dinami\u010dkim uvjetima gdje stati\u010dki uvjeti pretpostavljaju uvjete klizi\u0161ta pokrenutih oborinama, a dinami\u010dki uvjeti uvjete klizi\u0161ta izazvanih potresima. Izmjereni parametra iz fizi\u010dkog modela biti \u0107e uklju\u010deni u 3D numeri\u010dke simulacije. Rezultati iz oba modela omogu\u0107iti \u0107e bolje razumijevanje pona\u0161anja konstrukcija za sanaciju klizi\u0161ta.\n<\/div><\/p><\/div><\/div>\t\t<\/div>\n\t\t\t\t<\/div>\n\t\t\t\t\t<\/div>\n\t\t<\/div>\n\t\t\t\t\t\t\t<\/div>\n\t\t<\/section>\n\t\t\t\t<section class=\"elementor-section elementor-top-section elementor-element elementor-element-ef287be elementor-section-boxed elementor-section-height-default elementor-section-height-default\" data-id=\"ef287be\" data-element_type=\"section\">\n\t\t\t\t\t\t<div class=\"elementor-container elementor-column-gap-default\">\n\t\t\t\t\t<div class=\"elementor-column elementor-col-100 elementor-top-column elementor-element elementor-element-b22581a\" data-id=\"b22581a\" data-element_type=\"column\">\n\t\t\t<div class=\"elementor-widget-wrap elementor-element-populated\">\n\t\t\t\t\t\t\t\t<div class=\"elementor-element elementor-element-ab5d011 elementor-widget-divider--view-line elementor-widget elementor-widget-divider\" data-id=\"ab5d011\" data-element_type=\"widget\" data-widget_type=\"divider.default\">\n\t\t\t\t<div class=\"elementor-widget-container\">\n\t\t\t\t\t<div class=\"elementor-divider\">\n\t\t\t<span class=\"elementor-divider-separator\">\n\t\t\t\t\t\t<\/span>\n\t\t<\/div>\n\t\t\t\t<\/div>\n\t\t\t\t<\/div>\n\t\t\t\t\t<\/div>\n\t\t<\/div>\n\t\t\t\t\t\t\t<\/div>\n\t\t<\/section>\n\t\t\t\t<section class=\"elementor-section elementor-top-section elementor-element elementor-element-5559638 elementor-section-boxed elementor-section-height-default elementor-section-height-default\" data-id=\"5559638\" data-element_type=\"section\">\n\t\t\t\t\t\t<div class=\"elementor-container elementor-column-gap-default\">\n\t\t\t\t\t<div class=\"elementor-column elementor-col-100 elementor-top-column elementor-element elementor-element-0ea4c14\" data-id=\"0ea4c14\" data-element_type=\"column\">\n\t\t\t<div class=\"elementor-widget-wrap elementor-element-populated\">\n\t\t\t\t\t\t\t\t<div class=\"elementor-element elementor-element-f81014b elementor-widget elementor-widget-progress\" data-id=\"f81014b\" data-element_type=\"widget\" data-widget_type=\"progress.default\">\n\t\t\t\t<div class=\"elementor-widget-container\">\n\t\t\t\n\t\t<div class=\"elementor-progress-wrapper\" role=\"progressbar\" aria-valuemin=\"0\" aria-valuemax=\"100\" aria-valuenow=\"100\" aria-valuetext=\"100% (Stati\u010dka platforma)\">\n\t\t\t<div class=\"elementor-progress-bar\" data-max=\"100\">\n\t\t\t\t<span class=\"elementor-progress-text\">Stati\u010dka platforma<\/span>\n\t\t\t\t\t\t\t<\/div>\n\t\t<\/div>\n\t\t\t\t<\/div>\n\t\t\t\t<\/div>\n\t\t\t\t\t<\/div>\n\t\t<\/div>\n\t\t\t\t\t\t\t<\/div>\n\t\t<\/section>\n\t\t\t\t<section class=\"elementor-section elementor-top-section elementor-element elementor-element-17f0a91 elementor-section-boxed elementor-section-height-default elementor-section-height-default\" data-id=\"17f0a91\" data-element_type=\"section\">\n\t\t\t\t\t\t<div class=\"elementor-container elementor-column-gap-default\">\n\t\t\t\t\t<div class=\"elementor-column elementor-col-100 elementor-top-column elementor-element elementor-element-59e247d\" data-id=\"59e247d\" data-element_type=\"column\">\n\t\t\t<div class=\"elementor-widget-wrap elementor-element-populated\">\n\t\t\t\t\t\t\t\t<div class=\"elementor-element elementor-element-f073c27 elementor-widget elementor-widget-progress\" data-id=\"f073c27\" data-element_type=\"widget\" data-widget_type=\"progress.default\">\n\t\t\t\t<div class=\"elementor-widget-container\">\n\t\t\t\n\t\t<div class=\"elementor-progress-wrapper\" role=\"progressbar\" aria-valuemin=\"0\" aria-valuemax=\"100\" aria-valuenow=\"100\" aria-valuetext=\"100% (Dinami\u010dka platforma)\">\n\t\t\t<div class=\"elementor-progress-bar\" data-max=\"100\">\n\t\t\t\t<span class=\"elementor-progress-text\">Dinami\u010dka platforma<\/span>\n\t\t\t\t\t\t\t<\/div>\n\t\t<\/div>\n\t\t\t\t<\/div>\n\t\t\t\t<\/div>\n\t\t\t\t\t<\/div>\n\t\t<\/div>\n\t\t\t\t\t\t\t<\/div>\n\t\t<\/section>\n\t\t\t\t<section class=\"elementor-section elementor-top-section elementor-element elementor-element-a928e1f elementor-section-boxed elementor-section-height-default elementor-section-height-default\" data-id=\"a928e1f\" data-element_type=\"section\">\n\t\t\t\t\t\t<div class=\"elementor-container elementor-column-gap-default\">\n\t\t\t\t\t<div class=\"elementor-column elementor-col-100 elementor-top-column elementor-element elementor-element-c4c0fc2\" data-id=\"c4c0fc2\" data-element_type=\"column\">\n\t\t\t<div class=\"elementor-widget-wrap elementor-element-populated\">\n\t\t\t\t\t\t\t\t<div class=\"elementor-element elementor-element-1673c46 elementor-widget elementor-widget-progress\" data-id=\"1673c46\" data-element_type=\"widget\" data-widget_type=\"progress.default\">\n\t\t\t\t<div class=\"elementor-widget-container\">\n\t\t\t\n\t\t<div class=\"elementor-progress-wrapper\" role=\"progressbar\" aria-valuemin=\"0\" aria-valuemax=\"100\" aria-valuenow=\"100\" aria-valuetext=\"100% (Benchmarking)\">\n\t\t\t<div class=\"elementor-progress-bar\" data-max=\"100\">\n\t\t\t\t<span class=\"elementor-progress-text\">Benchmarking<\/span>\n\t\t\t\t\t\t\t<\/div>\n\t\t<\/div>\n\t\t\t\t<\/div>\n\t\t\t\t<\/div>\n\t\t\t\t\t<\/div>\n\t\t<\/div>\n\t\t\t\t\t\t\t<\/div>\n\t\t<\/section>\n\t\t\t\t<section class=\"elementor-section elementor-top-section elementor-element elementor-element-7e46445 elementor-section-boxed elementor-section-height-default elementor-section-height-default\" data-id=\"7e46445\" data-element_type=\"section\">\n\t\t\t\t\t\t<div class=\"elementor-container elementor-column-gap-default\">\n\t\t\t\t\t<div class=\"elementor-column elementor-col-100 elementor-top-column elementor-element elementor-element-2522881\" data-id=\"2522881\" data-element_type=\"column\">\n\t\t\t<div class=\"elementor-widget-wrap elementor-element-populated\">\n\t\t\t\t\t\t\t\t<div class=\"elementor-element elementor-element-73c4858 elementor-widget-divider--view-line elementor-widget elementor-widget-divider\" data-id=\"73c4858\" data-element_type=\"widget\" data-widget_type=\"divider.default\">\n\t\t\t\t<div class=\"elementor-widget-container\">\n\t\t\t\t\t<div class=\"elementor-divider\">\n\t\t\t<span class=\"elementor-divider-separator\">\n\t\t\t\t\t\t<\/span>\n\t\t<\/div>\n\t\t\t\t<\/div>\n\t\t\t\t<\/div>\n\t\t\t\t\t<\/div>\n\t\t<\/div>\n\t\t\t\t\t\t\t<\/div>\n\t\t<\/section>\n\t\t\t\t<section class=\"elementor-section elementor-top-section elementor-element elementor-element-254c03f elementor-section-boxed elementor-section-height-default elementor-section-height-default\" data-id=\"254c03f\" data-element_type=\"section\">\n\t\t\t\t\t\t<div class=\"elementor-container elementor-column-gap-default\">\n\t\t\t\t\t<div class=\"elementor-column elementor-col-50 elementor-top-column elementor-element elementor-element-c613bfa\" data-id=\"c613bfa\" data-element_type=\"column\">\n\t\t\t<div class=\"elementor-widget-wrap elementor-element-populated\">\n\t\t\t\t\t\t\t\t<div class=\"elementor-element elementor-element-f20a6ba elementor-widget elementor-widget-image\" data-id=\"f20a6ba\" data-element_type=\"widget\" data-widget_type=\"image.default\">\n\t\t\t\t<div class=\"elementor-widget-container\">\n\t\t\t\t\t\t\t\t\t\t\t\t\t\t\t\t<a href=\"http:\/\/www.hrzz.hr\/default.aspx?id=78&#038;pid=7811&#038;rok=2018-01\">\n\t\t\t\t\t\t\t<img decoding=\"async\" width=\"300\" height=\"125\" src=\"https:\/\/modland.uniri.hr\/wp-content\/uploads\/2019\/10\/index.jpg\" class=\"attachment-large size-large wp-image-4194\" alt=\"\" \/>\t\t\t\t\t\t\t\t<\/a>\n\t\t\t\t\t\t\t\t\t\t\t\t\t\t\t<\/div>\n\t\t\t\t<\/div>\n\t\t\t\t\t<\/div>\n\t\t<\/div>\n\t\t\t\t<div class=\"elementor-column elementor-col-50 elementor-top-column elementor-element elementor-element-bbd7cb1\" data-id=\"bbd7cb1\" data-element_type=\"column\">\n\t\t\t<div class=\"elementor-widget-wrap elementor-element-populated\">\n\t\t\t\t\t\t\t\t<div class=\"elementor-element elementor-element-4454ea1 elementor-widget elementor-widget-text-editor\" data-id=\"4454ea1\" data-element_type=\"widget\" data-widget_type=\"text-editor.default\">\n\t\t\t\t<div class=\"elementor-widget-container\">\n\t\t\t\t\t\t\t<p><span style=\"left: 84.8px; top: 118.706px; font-size: 16.7px; font-family: sans-serif; transform: scaleX(0.935972);\">Istra\u017eivanje financira <\/span><span style=\"left: 292.033px; top: 118.706px; font-size: 16.7px; font-family: sans-serif; transform: scaleX(0.872245);\">Hrvatska zaklada za znanost u okviru Projekta IP<\/span><span style=\"left: 637.0666666666666px; top: 118.70551757812488px; font-size: 16.7px; font-family: sans-serif;\">&#8211;<\/span><span style=\"left: 642.667px; top: 118.706px; font-size: 16.7px; font-family: sans-serif; transform: scaleX(0.989857);\">2018<\/span><span style=\"left: 679.3666666666666px; top: 118.70551757812488px; font-size: 16.7px; font-family: sans-serif;\">&#8211;<\/span><span style=\"left: 684.967px; top: 118.706px; font-size: 16.7px; font-family: sans-serif; transform: scaleX(0.99103);\">01<\/span><span style=\"left: 703.3666666666666px; top: 118.70551757812488px; font-size: 16.7px; font-family: sans-serif;\">&#8211;<\/span><span style=\"left: 70.9px; top: 136.806px; font-size: 16.7px; font-family: sans-serif; transform: scaleX(0.902185);\">1503 Fizi\u010dko modeliranje pona\u0161anja konstrukcija za sanaciju klizi\u0161ta u uvjetima stati\u010dkih i <\/span><span style=\"left: 70.9px; top: 155.006px; font-size: 16.7px; font-family: sans-serif; transform: scaleX(0.863536);\">seizmi\u010dkih djelovanja (ModLandRemSS)<\/span><\/p>\t\t\t\t\t\t<\/div>\n\t\t\t\t<\/div>\n\t\t\t\t\t<\/div>\n\t\t<\/div>\n\t\t\t\t\t\t\t<\/div>\n\t\t<\/section>\n\t\t\t\t<section class=\"elementor-section elementor-top-section elementor-element elementor-element-b252545 elementor-section-boxed elementor-section-height-default elementor-section-height-default\" data-id=\"b252545\" data-element_type=\"section\">\n\t\t\t\t\t\t<div class=\"elementor-container elementor-column-gap-default\">\n\t\t\t\t\t<div class=\"elementor-column elementor-col-100 elementor-top-column elementor-element elementor-element-c2411c4\" data-id=\"c2411c4\" data-element_type=\"column\">\n\t\t\t<div class=\"elementor-widget-wrap elementor-element-populated\">\n\t\t\t\t\t\t\t\t<div class=\"elementor-element elementor-element-8fad62b elementor-widget-divider--view-line elementor-widget elementor-widget-divider\" data-id=\"8fad62b\" data-element_type=\"widget\" data-widget_type=\"divider.default\">\n\t\t\t\t<div class=\"elementor-widget-container\">\n\t\t\t\t\t<div class=\"elementor-divider\">\n\t\t\t<span class=\"elementor-divider-separator\">\n\t\t\t\t\t\t<\/span>\n\t\t<\/div>\n\t\t\t\t<\/div>\n\t\t\t\t<\/div>\n\t\t\t\t\t<\/div>\n\t\t<\/div>\n\t\t\t\t\t\t\t<\/div>\n\t\t<\/section>\n\t\t\t\t\t\t\t<\/div>\n\t\t","protected":false},"excerpt":{"rendered":"<p>Fizi\u010dko modeliranje pona\u0161anja konstrukcija za sanaciju klizi\u0161ta u uvjetima stati\u010dkih i seizmi\u010dkih djelovanja TEMA Fizi\u010dko modeliranje klizi\u0161ta na temelju analiza pona\u0161anja umanjenih modela zapo\u010deto je krajem 1980-tih kad je istra\u017eivano pona\u0161anje tokova tla i fluidifikacije kliznog materijala u umanjenom fizi\u010dkom modelu (tako\u0111er poznatom pod nazivom flume ili flume test) METODE Metode analiza stabilnosti koje seContinue reading &rarr;<\/p>\n","protected":false},"author":2,"featured_media":0,"parent":0,"menu_order":0,"comment_status":"closed","ping_status":"closed","template":"","meta":{"footnotes":""},"_links":{"self":[{"href":"https:\/\/modland.uniri.hr\/index.php?rest_route=\/wp\/v2\/pages\/3557"}],"collection":[{"href":"https:\/\/modland.uniri.hr\/index.php?rest_route=\/wp\/v2\/pages"}],"about":[{"href":"https:\/\/modland.uniri.hr\/index.php?rest_route=\/wp\/v2\/types\/page"}],"author":[{"embeddable":true,"href":"https:\/\/modland.uniri.hr\/index.php?rest_route=\/wp\/v2\/users\/2"}],"replies":[{"embeddable":true,"href":"https:\/\/modland.uniri.hr\/index.php?rest_route=%2Fwp%2Fv2%2Fcomments&post=3557"}],"version-history":[{"count":85,"href":"https:\/\/modland.uniri.hr\/index.php?rest_route=\/wp\/v2\/pages\/3557\/revisions"}],"predecessor-version":[{"id":4454,"href":"https:\/\/modland.uniri.hr\/index.php?rest_route=\/wp\/v2\/pages\/3557\/revisions\/4454"}],"wp:attachment":[{"href":"https:\/\/modland.uniri.hr\/index.php?rest_route=%2Fwp%2Fv2%2Fmedia&parent=3557"}],"curies":[{"name":"wp","href":"https:\/\/api.w.org\/{rel}","templated":true}]}}